{"id":269,"date":"2020-03-05T13:43:44","date_gmt":"2020-03-05T12:43:44","guid":{"rendered":"http:\/\/zehntkeller.de\/en\/?page_id=269"},"modified":"2026-04-28T13:52:24","modified_gmt":"2026-04-28T11:52:24","slug":"vineyard-sites","status":"publish","type":"page","link":"https:\/\/zehntkeller.de\/en\/vineyard-sites\/","title":{"rendered":"Vineyard Sites"},"content":{"rendered":"<p>[vc_row][vc_column width=&#8221;1\/3&#8243;][vc_single_image image=&#8221;1371&#8243; img_size=&#8221;full&#8221;][vc_column_text]<\/p>\n<p style=\"text-align: center\"><a href=\"https:\/\/zehntkeller.de\/en\/vineyard-sites\/#JEB\"><span class=\"text-bronze-b\">Iphofen Julius-Echter-Berg<\/span><\/a><\/p>\n<hr \/>\n<p>[\/vc_column_text][\/vc_column][vc_column width=&#8221;1\/3&#8243;][vc_single_image image=&#8221;1450&#8243; img_size=&#8221;full&#8221;][vc_column_text]<\/p>\n<p style=\"text-align: center\"><span class=\"text-bronze-b\"><span style=\"color: #cc9100\"><a style=\"color: #cc9100\" href=\"https:\/\/zehntkeller.de\/en\/vineyard-sites\/#kronsberg\">Iphofen Kronsberg<\/a><\/span><br \/>\n<\/span><\/p>\n<hr \/>\n<p>[\/vc_column_text][\/vc_column][vc_column width=&#8221;1\/3&#8243;][vc_single_image image=&#8221;1451&#8243; img_size=&#8221;full&#8221;][vc_column_text]<\/p>\n<p style=\"text-align: center\"><a href=\"https:\/\/zehntkeller.de\/en\/vineyard-sites\/#kalb\"><span class=\"text-bronze-b\">Iphofen Kalb<br \/>\n<\/span><\/a><\/p>\n<hr \/>\n<p>[\/vc_column_text][\/vc_column][\/vc_row][vc_row][vc_column][vc_column_text]<\/p>\n<h1><span style=\"color: #cc9100\">Our Iphofen Vineyard Sites<\/span><\/h1>\n<p data-start=\"28\" data-end=\"715\">More than 200 million years ago, the foundation for what is now known as Franconian wine country was laid with the formation of the <strong>Franconian Triassic.<\/strong> This unique terroir of red sandstone, shell limestone, and Keuper clay makes it possible for us and our fellow winemakers to cultivate world-class wines between the Steigerwald and Spessart regions. You may be wondering whether the vineyard site really makes such a difference in wine. It absolutely does. The roots of our vines reach up to 20 meters deep into the soil, where they can optimally absorb water, minerals, and nutrients. Each type of soil provides a different composition, resulting in distinctive wines from every site.<\/p>\n<p data-start=\"717\" data-end=\"926\" data-is-last-node=\"\" data-is-only-node=\"\">In Iphofen and its surroundings, on the edge of the Steigerwald, we grow our wines on gypsum Keuper soils. Below, we are pleased to introduce our most important vineyard sites and their influence on our wines.<\/p>\n<p>[\/vc_column_text][\/vc_column][\/vc_row][vc_row][vc_column][vc_empty_space][\/vc_column][\/vc_row][vc_row equal_height=&#8221;yes&#8221; el_id=&#8221;JEB&#8221;][vc_column][vc_column_text]<\/p>\n<h2 data-start=\"0\" data-end=\"30\"><span style=\"color: #cc9100\"><strong data-start=\"0\" data-end=\"30\">Iph\u00f6fer Julius-Echter-Berg<\/strong><\/span><\/h2>\n<p data-start=\"32\" data-end=\"414\">The Julius-Echter-Berg is the legendary flagship vineyard site of Iphofen. It is considered one of the finest and most renowned sites in Franconia\u2014so well known that even Queen Elizabeth II was served a 1950 Riesling Auslese from these vineyards at her coronation banquet in 1953. The vineyard is named after the Prince-Bishop of W\u00fcrzburg, Julius Echter von Mespelbrunn (1545\u20131617).<\/p>\n<p data-start=\"416\" data-end=\"1065\">Often simply abbreviated as \u201cJEB,\u201d this site is a pure south-facing slope with a gradient of 30\u201360%. It lies in a natural basin on the Schwanberg, in the steepest section directly below the forest. In this hot location, surface temperatures of up to 70\u00b0C have been recorded. The characteristic grey-brown Keuper soil stores heat exceptionally well and releases it gradually back to the vines\u2014ideal conditions for producing wines with strong character. At this point, the gypsum Keuper is interspersed with reed sandstone. The Steigerwald forest above the vineyards, at the top of the Schwanberg, protects the vines like a woolen cap from cold winds.<\/p>\n<p data-start=\"1067\" data-end=\"1209\" data-is-last-node=\"\" data-is-only-node=\"\">Wines from the JEB are typically very spicy, mineral-driven, dense, and distinctive. They are also known for their remarkable aging potential.<\/p>\n<p>[\/vc_column_text][vc_empty_space][vc_single_image image=&#8221;1490&#8243; img_size=&#8221;full&#8221;][\/vc_column][\/vc_row][vc_row][vc_column][vc_empty_space][\/vc_column][\/vc_row][vc_row equal_height=&#8221;yes&#8221; el_id=&#8221;kronsberg&#8221;][vc_column][vc_column_text]<\/p>\n<h2 data-start=\"0\" data-end=\"21\"><span style=\"color: #cc9100\"><strong data-start=\"0\" data-end=\"21\">Iph\u00f6fer Kronsberg<\/strong><\/span><\/h2>\n<p data-start=\"23\" data-end=\"309\">The Iph\u00f6fer Kronsberg stretches along the Schwanberg toward the Iphofen district of Birklingen. The gentler foothills of the Julius-Echter-Berg are also part of this site. The name \u201cKronsberg\u201d derives from \u201cmountain with a crown,\u201d symbolizing the Steigerwald forest atop the Schwanberg.<\/p>\n<p data-start=\"311\" data-end=\"650\" data-is-last-node=\"\" data-is-only-node=\"\">The Kronsberg is oriented to the south, southeast, and southwest and is considered a relatively cooler site. Here, the Keuper soil is stony and sparse, becoming deeper in the lower sections. Wines from the Kronsberg are characterized by delicate fruit, elegance, and strength. A fresh acidity keeps them light and refined at the same time.<\/p>\n<p>[\/vc_column_text][vc_empty_space][vc_single_image image=&#8221;1488&#8243; img_size=&#8221;full&#8221;][\/vc_column][\/vc_row][vc_row][vc_column][vc_empty_space][\/vc_column][\/vc_row][vc_row equal_height=&#8221;yes&#8221; el_id=&#8221;kalb&#8221;][vc_column][vc_column_text]<\/p>\n<h2><span style=\"color: #cc9100\">Iph\u00f6fer Kalb<\/span><\/h2>\n<p data-start=\"18\" data-end=\"269\">The Iph\u00f6fer Kalb is the only one of our vineyard sites not located directly on the Schwanberg, but on a separate hill to the east of Iphofen. Its name derives from \u201ckahler Berg\u201d (\u201cbare hill\u201d), as the site was largely deforested during the Middle Ages.<\/p>\n<p data-start=\"271\" data-end=\"526\" data-is-last-node=\"\" data-is-only-node=\"\">This relatively cooler site has a higher gypsum content in the soil and is oriented to the south and southwest. Wines from the Kalb show attractive fruit, earthy notes, and considerable power, and are often associated with a more \u201cbaroque,\u201d opulent style.<\/p>\n<p>[\/vc_column_text][vc_empty_space][vc_single_image image=&#8221;1489&#8243; img_size=&#8221;full&#8221;][\/vc_column][\/vc_row][vc_row][vc_column][vc_empty_space][\/vc_column][\/vc_row][vc_row equal_height=&#8221;yes&#8221;][vc_column][vc_column_text]<\/p>\n<h2 data-start=\"19\" data-end=\"405\"><span style=\"color: #cc9100\">R\u00f6delseer K\u00fcchenmeister<\/span><\/h2>\n<p data-start=\"19\" data-end=\"405\">The K\u00fcchenmeister vineyard is located within the municipality of our neighboring village, R\u00f6delsee, and borders directly to the southwest of the Iph\u00f6fer Julius-Echter-Berg. It is therefore no surprise that K\u00fcchenmeister wines are also highly sought after and appreciated. The name originates from the noble family K\u00fcchenmeister von Nortenberg, who lived in R\u00f6delsee in the 14th century.<\/p>\n<p data-start=\"407\" data-end=\"602\">As is typical for the Steigerwald, the soil here is characterized by Keuper. In addition, sediments of small marine organisms can be found, along with small slate fragments in the upper sections.<\/p>\n<p data-start=\"604\" data-end=\"771\" data-is-last-node=\"\" data-is-only-node=\"\">Wines from the K\u00fcchenmeister are elegant, mineral-driven, juicy, and show yellow fruit characteristics. They impress with a firm structure and deep, complex aromatics.<\/p>\n<p>[\/vc_column_text][vc_empty_space][\/vc_column][\/vc_row]<\/p>\n","protected":false},"excerpt":{"rendered":"[vc_row][vc_column width=&#8221;1\/3&#8243;][vc_single_image image=&#8221;1371&#8243; img_size=&#8221;full&#8221;][vc_column_text] Iphofen Julius-Echter-Berg [\/vc_column_text][\/vc_column][vc_column width=&#8221;1\/3&#8243;][vc_single_image image=&#8221;1450&#8243; img_size=&#8221;full&#8221;][vc_column_text] Iphofen Kronsberg [\/vc_column_text][\/vc_column][vc_column width=&#8221;1\/3&#8243;][vc_single_image image=&#8221;1451&#8243; img_size=&#8221;full&#8221;][vc_column_text] Iphofen Kalb [\/vc_column_text][\/vc_column][\/vc_row][vc_row][vc_column][vc_column_text] Our Iphofen Vineyard Sites More than 200 million years ago, the foundation for what is now known as Franconian wine country was laid with the formation of the Franconian Triassic. This unique terroir of red sandstone,&#8230; <a class=\"view-article\" href=\"https:\/\/zehntkeller.de\/en\/vineyard-sites\/\">View Article<\/a>","protected":false},"author":1,"featured_media":0,"parent":0,"menu_order":0,"comment_status":"closed","ping_status":"closed","template":"","meta":[],"acf":[],"_links":{"self":[{"href":"https:\/\/zehntkeller.de\/en\/wp-json\/wp\/v2\/pages\/269"}],"collection":[{"href":"https:\/\/zehntkeller.de\/en\/wp-json\/wp\/v2\/pages"}],"about":[{"href":"https:\/\/zehntkeller.de\/en\/wp-json\/wp\/v2\/types\/page"}],"author":[{"embeddable":true,"href":"https:\/\/zehntkeller.de\/en\/wp-json\/wp\/v2\/users\/1"}],"replies":[{"embeddable":true,"href":"https:\/\/zehntkeller.de\/en\/wp-json\/wp\/v2\/comments?post=269"}],"version-history":[{"count":13,"href":"https:\/\/zehntkeller.de\/en\/wp-json\/wp\/v2\/pages\/269\/revisions"}],"predecessor-version":[{"id":1449,"href":"https:\/\/zehntkeller.de\/en\/wp-json\/wp\/v2\/pages\/269\/revisions\/1449"}],"wp:attachment":[{"href":"https:\/\/zehntkeller.de\/en\/wp-json\/wp\/v2\/media?parent=269"}],"curies":[{"name":"wp","href":"https:\/\/api.w.org\/{rel}","templated":true}]}}